{"id":7468,"date":"2017-01-04T20:09:53","date_gmt":"2017-01-04T18:09:53","guid":{"rendered":"https:\/\/spanjenatuurlijk.nl\/nl\/?page_id=7468"},"modified":"2022-07-23T18:09:18","modified_gmt":"2022-07-23T17:09:18","slug":"sierra-grazalema-en-serrania-ronda","status":"publish","type":"page","link":"https:\/\/spanjenatuurlijk.nl\/nl\/sierra-grazalema-en-serrania-ronda\/","title":{"rendered":"Ronda en de Sierra de Grazalema"},"content":{"rendered":"\n<h2 class=\"wp-block-heading\"><strong>Waarom zou je naar de Sierra de Grazalema gaan?<\/strong> <\/h2>\n\n\n\n<p>Natuurlijk wil je Ronda een keertje zien.  Het is een prachtige stad om te bezoeken als je in Andalusie bent.   Bezienswaardigheden zijn de beroemde bruggen Puente  Romano, Puente Viejo en Puente Nuevo.  Hou er wel rekening mee dat het flink  druk kan zijn. <\/p>\n\n\n\n<h2 class=\"wp-block-heading\">Bezoek Ronda, maar verblijf in de natuur<\/h2>\n\n\n\n<figure class=\"wp-block-gallery has-nested-images columns-default is-cropped wp-block-gallery-2 is-layout-flex wp-block-gallery-is-layout-flex\">\n<figure class=\"wp-block-image size-large\"><img loading=\"lazy\" decoding=\"async\" width=\"339\" height=\"175\" data-id=\"7406\" src=\"https:\/\/spanjenatuurlijk.nl\/nl\/wp-content\/uploads\/2016\/12\/Ronda-Sierra-de-Grazalema-Andalusie-rondreis-SpanjeNatuurlijk.jpg\" alt=\"Brug van Ronda Rondreis Andalusie Spanje Natuurlijk\" class=\"wp-image-7406\" srcset=\"https:\/\/spanjenatuurlijk.nl\/nl\/wp-content\/uploads\/2016\/12\/Ronda-Sierra-de-Grazalema-Andalusie-rondreis-SpanjeNatuurlijk.jpg 339w, https:\/\/spanjenatuurlijk.nl\/nl\/wp-content\/uploads\/2016\/12\/Ronda-Sierra-de-Grazalema-Andalusie-rondreis-SpanjeNatuurlijk-300x155.jpg 300w\" sizes=\"(max-width: 339px) 100vw, 339px\" \/><figcaption>Ronda<\/figcaption><\/figure>\n\n\n\n<figure class=\"wp-block-image size-large\"><img loading=\"lazy\" decoding=\"async\" width=\"1024\" height=\"576\" data-id=\"8806\" src=\"https:\/\/spanjenatuurlijk.nl\/nl\/wp-content\/uploads\/2019\/11\/Fotolia_95260060_Subscription_XL-1024x576.jpg\" alt=\"\" class=\"wp-image-8806\" srcset=\"https:\/\/spanjenatuurlijk.nl\/nl\/wp-content\/uploads\/2019\/11\/Fotolia_95260060_Subscription_XL-1024x576.jpg 1024w, https:\/\/spanjenatuurlijk.nl\/nl\/wp-content\/uploads\/2019\/11\/Fotolia_95260060_Subscription_XL-300x169.jpg 300w, https:\/\/spanjenatuurlijk.nl\/nl\/wp-content\/uploads\/2019\/11\/Fotolia_95260060_Subscription_XL-768x432.jpg 768w, https:\/\/spanjenatuurlijk.nl\/nl\/wp-content\/uploads\/2019\/11\/Fotolia_95260060_Subscription_XL-1536x864.jpg 1536w, https:\/\/spanjenatuurlijk.nl\/nl\/wp-content\/uploads\/2019\/11\/Fotolia_95260060_Subscription_XL-2048x1152.jpg 2048w, https:\/\/spanjenatuurlijk.nl\/nl\/wp-content\/uploads\/2019\/11\/Fotolia_95260060_Subscription_XL-650x366.jpg 650w\" sizes=\"(max-width: 1024px) 100vw, 1024px\" \/><figcaption>Sierra de Grazalema<\/figcaption><\/figure>\n<\/figure>\n\n\n\n<p>Als je geen zin hebt in veel drukte en van natuur houdt, dan is de Sierra de Grazalema is een uitstekend gebied om te verblijven. Vandaar uit kun je gemakkelijk je bezoek aan Ronda plannen. <\/p>\n\n\n\n<p>De Sierra de Grazalema is een prachtig wandelgebied met tal van korte en lange wandelingen. En er liggen mooie witte dorpen en dorpjes zoals Zahara de la Sierra, el Gastor, Grazalema en Olvera. En natuurlijk Ronda, <\/p>\n\n\n\n<p>Bezoek de overblijfselen van de <a href=\"https:\/\/www.yacimientodeocuri.es\/\" target=\"_blank\" rel=\"noopener noreferrer\">Romeinse stad Ocri<\/a> bij Ubrique in de Sierra de Grazalema.<\/p>\n\n\n\n<p>Ronda en de Sierra de Grazalema liggen centraal in Andalusi\u00eb. Cordoba en Sevilla liggen beiden op circa twee uur afstand van Ronda.<\/p>\n\n\n\n<h2 class=\"wp-block-heading\"><strong>Flora en fauna<\/strong> in de Sierra de Grazalema<\/h2>\n\n\n\n<p><span id=\"result_box\" class=\"\" lang=\"nl\"><span title=\"La variedad flor\u00edstica del Parque Natural es muy alta, contando con m\u00e1s de 1.375 taxones.\">De flora in het natuurpark is bijzonder rijk. Meer dan 25% van de beschreven flora in Spanje komt er voor.<\/span><\/span><\/p>\n\n\n\n<p><span id=\"result_box\" class=\"\" lang=\"nl\"><span title=\"La variedad flor\u00edstica del Parque Natural es muy alta, contando con m\u00e1s de 1.375 taxones.\">In het natuurpark zijn meer dan 200 gewervelde diersoorten gecatalogiseerd, velen vallen onder&nbsp; nationale en internationale bescherming, zoals de&nbsp; inheemse rivierkreeft (Austropotamobius pallipes) en de aasgier (Neophron percnopterus), de havikarend (Hieraaetus fasciatus) en bruine kiekendief (Circus pygargus). De Sierra de Grazalema herbergt een van de grootste kolonies gieren in Europa.<\/span><\/span><\/p>\n\n\n\n<h2 class=\"wp-block-heading\"><strong>Witte dorpen van Andalusi\u00eb<\/strong><\/h2>\n\n\n\n<p>De Sierra de Grazalema ligt in het noordoosten van de provincie Cadiz en noordwesten van Malaga. De dorpen zijn wit &#8216;pueblos blancos&#8217; en steken mooi af in de prachtige omgeving.<\/p>\n\n\n\n<p><strong>Ronda<\/strong> is een van de bekendste dorpen. De stad wordt in twee\u00ebn gesplitst door de rivier Guadalev\u00edn. Zo is de diepe kloof ontstaan, bekend als Tajo de Ronda, waaroverheen drie beroemde bruggen van Ronda zijn gebouwd; de Puente Romano , de Puente Viejo en de beroemde Puente Nuevo.<\/p>\n\n\n\n<div class=\"wp-block-image size-full wp-image-7488\"><figure class=\"alignleft\"><img loading=\"lazy\" decoding=\"async\" width=\"339\" height=\"226\" src=\"https:\/\/spanjenatuurlijk.nl\/nl\/wp-content\/uploads\/2017\/01\/Spectaculair-Ronda-Spanje-Natuurlijk-vakantiehuizen-en-rondreizen-in-Andalusie.jpg\" alt=\"Ronda\" class=\"wp-image-7488\" srcset=\"https:\/\/spanjenatuurlijk.nl\/nl\/wp-content\/uploads\/2017\/01\/Spectaculair-Ronda-Spanje-Natuurlijk-vakantiehuizen-en-rondreizen-in-Andalusie.jpg 339w, https:\/\/spanjenatuurlijk.nl\/nl\/wp-content\/uploads\/2017\/01\/Spectaculair-Ronda-Spanje-Natuurlijk-vakantiehuizen-en-rondreizen-in-Andalusie-300x200.jpg 300w\" sizes=\"(max-width: 339px) 100vw, 339px\" \/><figcaption>Ronda<\/figcaption><\/figure><\/div>\n\n\n\n<div class=\"wp-block-image size-full wp-image-7489\"><figure class=\"alignleft\"><img loading=\"lazy\" decoding=\"async\" width=\"339\" height=\"226\" src=\"https:\/\/spanjenatuurlijk.nl\/nl\/wp-content\/uploads\/2017\/01\/Grazalema-Spanje-Natuurlijk-vakantiehuizen-en-rondreizen-in-Andalusie.jpg\" alt=\"Grazalema\" class=\"wp-image-7489\" srcset=\"https:\/\/spanjenatuurlijk.nl\/nl\/wp-content\/uploads\/2017\/01\/Grazalema-Spanje-Natuurlijk-vakantiehuizen-en-rondreizen-in-Andalusie.jpg 339w, https:\/\/spanjenatuurlijk.nl\/nl\/wp-content\/uploads\/2017\/01\/Grazalema-Spanje-Natuurlijk-vakantiehuizen-en-rondreizen-in-Andalusie-300x200.jpg 300w\" sizes=\"(max-width: 339px) 100vw, 339px\" \/><figcaption>Grazalema<\/figcaption><\/figure><\/div>\n\n\n\n<div class=\"wp-block-image size-full wp-image-7487\"><figure class=\"alignleft\"><img loading=\"lazy\" decoding=\"async\" width=\"339\" height=\"226\" src=\"https:\/\/spanjenatuurlijk.nl\/nl\/wp-content\/uploads\/2017\/01\/Olvera-Spanje-Natuurlijk-vakantiehuizen-en-rondreizen-in-Andalusie.jpg\" alt=\"Olvera, Serrania de Ronda\" class=\"wp-image-7487\" srcset=\"https:\/\/spanjenatuurlijk.nl\/nl\/wp-content\/uploads\/2017\/01\/Olvera-Spanje-Natuurlijk-vakantiehuizen-en-rondreizen-in-Andalusie.jpg 339w, https:\/\/spanjenatuurlijk.nl\/nl\/wp-content\/uploads\/2017\/01\/Olvera-Spanje-Natuurlijk-vakantiehuizen-en-rondreizen-in-Andalusie-300x200.jpg 300w\" sizes=\"(max-width: 339px) 100vw, 339px\" \/><figcaption>Olvera<\/figcaption><\/figure><\/div>\n\n\n\n<div class=\"wp-block-image size-full wp-image-7486\"><figure class=\"alignleft\"><img loading=\"lazy\" decoding=\"async\" width=\"339\" height=\"226\" src=\"https:\/\/spanjenatuurlijk.nl\/nl\/wp-content\/uploads\/2017\/01\/Dorp-Zahara-de-la-Sierra-Spanje-Natuurlijk-vakantiehuizen-en-rondreizen-in-Andalusie_68188234_Subscription_XL_result.jpg\" alt=\"Zahara de la Sierra\" class=\"wp-image-7486\" srcset=\"https:\/\/spanjenatuurlijk.nl\/nl\/wp-content\/uploads\/2017\/01\/Dorp-Zahara-de-la-Sierra-Spanje-Natuurlijk-vakantiehuizen-en-rondreizen-in-Andalusie_68188234_Subscription_XL_result.jpg 339w, https:\/\/spanjenatuurlijk.nl\/nl\/wp-content\/uploads\/2017\/01\/Dorp-Zahara-de-la-Sierra-Spanje-Natuurlijk-vakantiehuizen-en-rondreizen-in-Andalusie_68188234_Subscription_XL_result-300x200.jpg 300w\" sizes=\"(max-width: 339px) 100vw, 339px\" \/><figcaption>Zahara de la Sierra<\/figcaption><\/figure><\/div>\n\n\n\n<p>Onder de Sierra de Grazalema vallen de volgende gemeenten: El Bosque, Prado del Rey, Zahara de la Sierra, Algodonales, El Gastor, Grazalema, Villaluenga del Rosario, Benaocaz y Ubrique, Ronda, Montejaque, Benaoj\u00e1n, Jimera de L\u00edbar en Cortes de la Frontera.<\/p>\n\n\n\n<p>De Serrania de Ronda is een regio in de provincie Malaga die deels overlapt met het natuurgebied Sierra de Grazalema. Hieronder vallen de dorpen Algatoc\u00edn, Alpandeire, Arriate, Atajate, Benadalid, Benalaur\u00eda, Benaoj\u00e1n, Benarrab\u00e1, Cartajima, Cortes de la Frontera, Faraj\u00e1n, Gauc\u00edn, Genalguacil, Igualeja, Jimera de L\u00edbar, Jubrique, J\u00fazcar, Montejaque, Parauta, Pujerra en Ronda.<\/p>\n\n\n\n<p>Bron: <a href=\"https:\/\/es.wikipedia.org\/wiki\/Parque_natural_de_la_Sierra_de_Grazalema\">wikipedia (Spaanstalig)<\/a><\/p>\n\n\n\n<p><\/p>\n\n\n\n<h2 class=\"wp-block-heading\"><strong>Klimaat<\/strong><\/h2>\n\n\n\n<p>De Sierra de Grazalema is niet voor niets een mooi groen gebied. In tegenstelling tot veel andere regio&#8217;s in Andalusi\u00eb kan hier het hele jaar regen vallen. De gemiddelde neerslag is 2.200 mm per jaar. De gemiddelde temperaturen liggen tussen de 10 graden in januari en 26 graden in juli.<\/p>\n\n\n\n<h2 class=\"wp-block-heading\">Hoe te reizen<\/h2>\n\n\n\n\n\n<p><strong>Huurauto<\/strong><\/p>\n\n\n\n<p>Om veel te kunnen zien en genieten van de vakantie in Andalusi\u00eb raden we je aan een huurauto te regelen. Wij bevelen <a href=\"https:\/\/spanjenatuurlijk.nl\/nl\/auto-huren\/\" target=\"_blank\" rel=\"noopener noreferrer\">Sunny Cars<\/a> aan, een betrouwbare Nederlands sprekende partij, waar je nooit voor onverwachte kosten komt te staan.<\/p>\n\n\n\n<p><strong>Openbaar vervoer<\/strong><\/p>\n\n\n\n<p>Wil je met de trein naar Spanje dan kom je helaas niet ver met de internationale website van de NS. Via de <a href=\"https:\/\/www.treinreiswinkel.nl\/\">treinreiswinkel<\/a> en de <a href=\"https:\/\/www.happyrail.com\/nl\/\">website Happyrail<\/a> kom je wel op je bestemming.<\/p>\n\n\n<p><\/p>\n\n\n<p>Treintijden en prijzen voor reizen binnen Spanje via <a href=\"http:\/\/www.renfe.com\/EN\/viajeros\/index.html\" target=\"_blank\" rel=\"noreferrer noopener\">RENFE<\/a>.<\/p>\n\n\n<p>Er rijdt een trein van de luchthaven Malaga naar Ronda.<\/p>\n<p>Voor een bus van Malaga naar bijvoorbeeld Grazalema of Ronda kijk je bij <a href=\"https:\/\/regular.autobusing.com\/venta?_eid=BAhpDA%3D%3D%0A&amp;locale=en\" target=\"_blank\" rel=\"noopener noreferrer\">busmaatschappij Amarillos. <\/a>Hier kun je gelijk kaartjes kopen.<\/p>\n<p>[intergeo id=&#8221;QNwUzN&#8221;][\/intergeo]<\/p>","protected":false},"excerpt":{"rendered":"<p>Waarom zou je naar de Sierra de Grazalema gaan? Natuurlijk wil je Ronda een keertje zien. Het is een prachtige stad om te bezoeken als je in Andalusie bent. Bezienswaardigheden zijn de beroemde bruggen Puente Romano, Puente Viejo en Puente Nuevo. Hou er wel rekening mee dat het flink druk kan zijn. Bezoek Ronda, maar verblijf in de natuur Als je geen zin hebt in veel drukte en van natuur houdt, dan is de Sierra de Grazalema is een uitstekend gebied om te verblijven. Vandaar uit kun je gemakkelijk je bezoek aan Ronda plannen. De Sierra de Grazalema is een prachtig wandelgebied met tal van korte en lange wandelingen. En er liggen mooie witte dorpen en dorpjes zoals Zahara de la Sierra, el Gastor, Grazalema en Olvera. En natuurlijk Ronda, Bezoek de overblijfselen van de Romeinse stad Ocri bij Ubrique in de Sierra de Grazalema. Ronda en de Sierra de Grazalema liggen centraal in Andalusi\u00eb. Cordoba en Sevilla liggen beiden op circa twee uur afstand van Ronda. Flora en fauna in de Sierra de Grazalema De flora in het natuurpark is bijzonder rijk. Meer dan 25% van de beschreven flora in Spanje komt er voor. In het natuurpark zijn meer dan 200 gewervelde diersoorten gecatalogiseerd, velen vallen onder&nbsp; nationale en internationale bescherming, zoals de&nbsp; inheemse rivierkreeft (Austropotamobius pallipes) en de aasgier (Neophron percnopterus), de havikarend (Hieraaetus fasciatus) en bruine kiekendief (Circus pygargus). De Sierra de Grazalema herbergt een van de grootste kolonies gieren in Europa. Witte dorpen van Andalusi\u00eb De Sierra de Grazalema ligt in het noordoosten van de provincie Cadiz en noordwesten van Malaga. De dorpen zijn wit &#8216;pueblos blancos&#8217; en steken mooi af in de prachtige omgeving. Ronda is een van de bekendste dorpen. De stad wordt in twee\u00ebn gesplitst door de rivier Guadalev\u00edn. Zo is [&hellip;]<\/p>\n","protected":false},"author":3,"featured_media":0,"parent":0,"menu_order":0,"comment_status":"closed","ping_status":"closed","template":"","meta":{"footnotes":""},"class_list":["post-7468","page","type-page","status-publish","hentry","post"],"yoast_head":"<!-- This site is optimized with the Yoast SEO plugin v25.6 - https:\/\/yoast.com\/wordpress\/plugins\/seo\/ -->\n<title>Ronda en de Sierra de Grazalema - Spanje Natuurlijk<\/title>\n<meta name=\"description\" content=\"De prachtige stad Ronda in Andalusi\u00eb en natuurgebied de Sierra de Grazalema, twee toplocaties voor een mooie vakantie in Zuid Spanje.\" \/>\n<meta name=\"robots\" content=\"index, follow, max-snippet:-1, max-image-preview:large, max-video-preview:-1\" \/>\n<link rel=\"canonical\" href=\"https:\/\/spanjenatuurlijk.nl\/nl\/sierra-grazalema-en-serrania-ronda\/\" \/>\n<meta property=\"og:locale\" content=\"en_US\" \/>\n<meta property=\"og:type\" content=\"article\" \/>\n<meta property=\"og:title\" content=\"Ronda en de Sierra de Grazalema - Spanje Natuurlijk\" \/>\n<meta property=\"og:description\" content=\"De prachtige stad Ronda in Andalusi\u00eb en natuurgebied de Sierra de Grazalema, twee toplocaties voor een mooie vakantie in Zuid Spanje.\" \/>\n<meta property=\"og:url\" content=\"https:\/\/spanjenatuurlijk.nl\/nl\/sierra-grazalema-en-serrania-ronda\/\" \/>\n<meta property=\"og:site_name\" content=\"Spanje Natuurlijk\" \/>\n<meta property=\"article:modified_time\" content=\"2022-07-23T17:09:18+00:00\" \/>\n<meta property=\"og:image\" content=\"https:\/\/spanjenatuurlijk.nl\/nl\/wp-content\/uploads\/2016\/12\/Ronda-Sierra-de-Grazalema-Andalusie-rondreis-SpanjeNatuurlijk.jpg\" \/>\n<meta name=\"twitter:card\" content=\"summary_large_image\" \/>\n<meta name=\"twitter:label1\" content=\"Est. reading time\" \/>\n\t<meta name=\"twitter:data1\" content=\"4 minutes\" \/>\n<script type=\"application\/ld+json\" class=\"yoast-schema-graph\">{\"@context\":\"https:\/\/schema.org\",\"@graph\":[{\"@type\":\"WebPage\",\"@id\":\"https:\/\/spanjenatuurlijk.nl\/nl\/sierra-grazalema-en-serrania-ronda\/\",\"url\":\"https:\/\/spanjenatuurlijk.nl\/nl\/sierra-grazalema-en-serrania-ronda\/\",\"name\":\"Ronda en de Sierra de Grazalema - Spanje Natuurlijk\",\"isPartOf\":{\"@id\":\"https:\/\/spanjenatuurlijk.nl\/nl\/#website\"},\"primaryImageOfPage\":{\"@id\":\"https:\/\/spanjenatuurlijk.nl\/nl\/sierra-grazalema-en-serrania-ronda\/#primaryimage\"},\"image\":{\"@id\":\"https:\/\/spanjenatuurlijk.nl\/nl\/sierra-grazalema-en-serrania-ronda\/#primaryimage\"},\"thumbnailUrl\":\"https:\/\/spanjenatuurlijk.nl\/nl\/wp-content\/uploads\/2016\/12\/Ronda-Sierra-de-Grazalema-Andalusie-rondreis-SpanjeNatuurlijk.jpg\",\"datePublished\":\"2017-01-04T18:09:53+00:00\",\"dateModified\":\"2022-07-23T17:09:18+00:00\",\"description\":\"De prachtige stad Ronda in Andalusi\u00eb en natuurgebied de Sierra de Grazalema, twee toplocaties voor een mooie vakantie in Zuid Spanje.\",\"breadcrumb\":{\"@id\":\"https:\/\/spanjenatuurlijk.nl\/nl\/sierra-grazalema-en-serrania-ronda\/#breadcrumb\"},\"inLanguage\":\"en-US\",\"potentialAction\":[{\"@type\":\"ReadAction\",\"target\":[\"https:\/\/spanjenatuurlijk.nl\/nl\/sierra-grazalema-en-serrania-ronda\/\"]}]},{\"@type\":\"ImageObject\",\"inLanguage\":\"en-US\",\"@id\":\"https:\/\/spanjenatuurlijk.nl\/nl\/sierra-grazalema-en-serrania-ronda\/#primaryimage\",\"url\":\"https:\/\/spanjenatuurlijk.nl\/nl\/wp-content\/uploads\/2016\/12\/Ronda-Sierra-de-Grazalema-Andalusie-rondreis-SpanjeNatuurlijk.jpg\",\"contentUrl\":\"https:\/\/spanjenatuurlijk.nl\/nl\/wp-content\/uploads\/2016\/12\/Ronda-Sierra-de-Grazalema-Andalusie-rondreis-SpanjeNatuurlijk.jpg\",\"width\":339,\"height\":175,\"caption\":\"Ronda\"},{\"@type\":\"BreadcrumbList\",\"@id\":\"https:\/\/spanjenatuurlijk.nl\/nl\/sierra-grazalema-en-serrania-ronda\/#breadcrumb\",\"itemListElement\":[{\"@type\":\"ListItem\",\"position\":1,\"name\":\"Home\",\"item\":\"https:\/\/spanjenatuurlijk.nl\/nl\/\"},{\"@type\":\"ListItem\",\"position\":2,\"name\":\"Ronda en de Sierra de Grazalema\"}]},{\"@type\":\"WebSite\",\"@id\":\"https:\/\/spanjenatuurlijk.nl\/nl\/#website\",\"url\":\"https:\/\/spanjenatuurlijk.nl\/nl\/\",\"name\":\"Spanje Natuurlijk\",\"description\":\"vakantiehuizen in Andalusie\",\"publisher\":{\"@id\":\"https:\/\/spanjenatuurlijk.nl\/nl\/#organization\"},\"potentialAction\":[{\"@type\":\"SearchAction\",\"target\":{\"@type\":\"EntryPoint\",\"urlTemplate\":\"https:\/\/spanjenatuurlijk.nl\/nl\/?s={search_term_string}\"},\"query-input\":{\"@type\":\"PropertyValueSpecification\",\"valueRequired\":true,\"valueName\":\"search_term_string\"}}],\"inLanguage\":\"en-US\"},{\"@type\":\"Organization\",\"@id\":\"https:\/\/spanjenatuurlijk.nl\/nl\/#organization\",\"name\":\"Spanje Natuurlijk\",\"url\":\"https:\/\/spanjenatuurlijk.nl\/nl\/\",\"logo\":{\"@type\":\"ImageObject\",\"inLanguage\":\"en-US\",\"@id\":\"https:\/\/spanjenatuurlijk.nl\/nl\/#\/schema\/logo\/image\/\",\"url\":\"https:\/\/spanjenatuurlijk.nl\/nl\/wp-content\/uploads\/2019\/11\/cropped-spanjenatuurlijk-nl-logo-339-met-margin-e1574333147264.jpg\",\"contentUrl\":\"https:\/\/spanjenatuurlijk.nl\/nl\/wp-content\/uploads\/2019\/11\/cropped-spanjenatuurlijk-nl-logo-339-met-margin-e1574333147264.jpg\",\"width\":250,\"height\":121,\"caption\":\"Spanje Natuurlijk\"},\"image\":{\"@id\":\"https:\/\/spanjenatuurlijk.nl\/nl\/#\/schema\/logo\/image\/\"}}]}<\/script>\n<!-- \/ Yoast SEO plugin. -->","yoast_head_json":{"title":"Ronda en de Sierra de Grazalema - Spanje Natuurlijk","description":"De prachtige stad Ronda in Andalusi\u00eb en natuurgebied de Sierra de Grazalema, twee toplocaties voor een mooie vakantie in Zuid Spanje.","robots":{"index":"index","follow":"follow","max-snippet":"max-snippet:-1","max-image-preview":"max-image-preview:large","max-video-preview":"max-video-preview:-1"},"canonical":"https:\/\/spanjenatuurlijk.nl\/nl\/sierra-grazalema-en-serrania-ronda\/","og_locale":"en_US","og_type":"article","og_title":"Ronda en de Sierra de Grazalema - Spanje Natuurlijk","og_description":"De prachtige stad Ronda in Andalusi\u00eb en natuurgebied de Sierra de Grazalema, twee toplocaties voor een mooie vakantie in Zuid Spanje.","og_url":"https:\/\/spanjenatuurlijk.nl\/nl\/sierra-grazalema-en-serrania-ronda\/","og_site_name":"Spanje Natuurlijk","article_modified_time":"2022-07-23T17:09:18+00:00","og_image":[{"url":"https:\/\/spanjenatuurlijk.nl\/nl\/wp-content\/uploads\/2016\/12\/Ronda-Sierra-de-Grazalema-Andalusie-rondreis-SpanjeNatuurlijk.jpg","type":"","width":"","height":""}],"twitter_card":"summary_large_image","twitter_misc":{"Est. reading time":"4 minutes"},"schema":{"@context":"https:\/\/schema.org","@graph":[{"@type":"WebPage","@id":"https:\/\/spanjenatuurlijk.nl\/nl\/sierra-grazalema-en-serrania-ronda\/","url":"https:\/\/spanjenatuurlijk.nl\/nl\/sierra-grazalema-en-serrania-ronda\/","name":"Ronda en de Sierra de Grazalema - Spanje Natuurlijk","isPartOf":{"@id":"https:\/\/spanjenatuurlijk.nl\/nl\/#website"},"primaryImageOfPage":{"@id":"https:\/\/spanjenatuurlijk.nl\/nl\/sierra-grazalema-en-serrania-ronda\/#primaryimage"},"image":{"@id":"https:\/\/spanjenatuurlijk.nl\/nl\/sierra-grazalema-en-serrania-ronda\/#primaryimage"},"thumbnailUrl":"https:\/\/spanjenatuurlijk.nl\/nl\/wp-content\/uploads\/2016\/12\/Ronda-Sierra-de-Grazalema-Andalusie-rondreis-SpanjeNatuurlijk.jpg","datePublished":"2017-01-04T18:09:53+00:00","dateModified":"2022-07-23T17:09:18+00:00","description":"De prachtige stad Ronda in Andalusi\u00eb en natuurgebied de Sierra de Grazalema, twee toplocaties voor een mooie vakantie in Zuid Spanje.","breadcrumb":{"@id":"https:\/\/spanjenatuurlijk.nl\/nl\/sierra-grazalema-en-serrania-ronda\/#breadcrumb"},"inLanguage":"en-US","potentialAction":[{"@type":"ReadAction","target":["https:\/\/spanjenatuurlijk.nl\/nl\/sierra-grazalema-en-serrania-ronda\/"]}]},{"@type":"ImageObject","inLanguage":"en-US","@id":"https:\/\/spanjenatuurlijk.nl\/nl\/sierra-grazalema-en-serrania-ronda\/#primaryimage","url":"https:\/\/spanjenatuurlijk.nl\/nl\/wp-content\/uploads\/2016\/12\/Ronda-Sierra-de-Grazalema-Andalusie-rondreis-SpanjeNatuurlijk.jpg","contentUrl":"https:\/\/spanjenatuurlijk.nl\/nl\/wp-content\/uploads\/2016\/12\/Ronda-Sierra-de-Grazalema-Andalusie-rondreis-SpanjeNatuurlijk.jpg","width":339,"height":175,"caption":"Ronda"},{"@type":"BreadcrumbList","@id":"https:\/\/spanjenatuurlijk.nl\/nl\/sierra-grazalema-en-serrania-ronda\/#breadcrumb","itemListElement":[{"@type":"ListItem","position":1,"name":"Home","item":"https:\/\/spanjenatuurlijk.nl\/nl\/"},{"@type":"ListItem","position":2,"name":"Ronda en de Sierra de Grazalema"}]},{"@type":"WebSite","@id":"https:\/\/spanjenatuurlijk.nl\/nl\/#website","url":"https:\/\/spanjenatuurlijk.nl\/nl\/","name":"Spanje Natuurlijk","description":"vakantiehuizen in Andalusie","publisher":{"@id":"https:\/\/spanjenatuurlijk.nl\/nl\/#organization"},"potentialAction":[{"@type":"SearchAction","target":{"@type":"EntryPoint","urlTemplate":"https:\/\/spanjenatuurlijk.nl\/nl\/?s={search_term_string}"},"query-input":{"@type":"PropertyValueSpecification","valueRequired":true,"valueName":"search_term_string"}}],"inLanguage":"en-US"},{"@type":"Organization","@id":"https:\/\/spanjenatuurlijk.nl\/nl\/#organization","name":"Spanje Natuurlijk","url":"https:\/\/spanjenatuurlijk.nl\/nl\/","logo":{"@type":"ImageObject","inLanguage":"en-US","@id":"https:\/\/spanjenatuurlijk.nl\/nl\/#\/schema\/logo\/image\/","url":"https:\/\/spanjenatuurlijk.nl\/nl\/wp-content\/uploads\/2019\/11\/cropped-spanjenatuurlijk-nl-logo-339-met-margin-e1574333147264.jpg","contentUrl":"https:\/\/spanjenatuurlijk.nl\/nl\/wp-content\/uploads\/2019\/11\/cropped-spanjenatuurlijk-nl-logo-339-met-margin-e1574333147264.jpg","width":250,"height":121,"caption":"Spanje Natuurlijk"},"image":{"@id":"https:\/\/spanjenatuurlijk.nl\/nl\/#\/schema\/logo\/image\/"}}]}},"_links":{"self":[{"href":"https:\/\/spanjenatuurlijk.nl\/nl\/wp-json\/wp\/v2\/pages\/7468"}],"collection":[{"href":"https:\/\/spanjenatuurlijk.nl\/nl\/wp-json\/wp\/v2\/pages"}],"about":[{"href":"https:\/\/spanjenatuurlijk.nl\/nl\/wp-json\/wp\/v2\/types\/page"}],"author":[{"embeddable":true,"href":"https:\/\/spanjenatuurlijk.nl\/nl\/wp-json\/wp\/v2\/users\/3"}],"replies":[{"embeddable":true,"href":"https:\/\/spanjenatuurlijk.nl\/nl\/wp-json\/wp\/v2\/comments?post=7468"}],"version-history":[{"count":5,"href":"https:\/\/spanjenatuurlijk.nl\/nl\/wp-json\/wp\/v2\/pages\/7468\/revisions"}],"predecessor-version":[{"id":9208,"href":"https:\/\/spanjenatuurlijk.nl\/nl\/wp-json\/wp\/v2\/pages\/7468\/revisions\/9208"}],"wp:attachment":[{"href":"https:\/\/spanjenatuurlijk.nl\/nl\/wp-json\/wp\/v2\/media?parent=7468"}],"curies":[{"name":"wp","href":"https:\/\/api.w.org\/{rel}","templated":true}]}}