{"id":4308,"date":"2013-12-17T17:15:25","date_gmt":"2013-12-17T15:15:25","guid":{"rendered":"https:\/\/spanjenatuurlijk.nl\/nl\/?page_id=4308"},"modified":"2022-02-01T15:49:28","modified_gmt":"2022-02-01T15:49:28","slug":"strand-andalusie","status":"publish","type":"page","link":"https:\/\/spanjenatuurlijk.nl\/nl\/strand-andalusie\/","title":{"rendered":"strand Andalusie bij natuurgebied Cerro Gordo"},"content":{"rendered":"\n<div class=\"wp-block-group\"><div class=\"wp-block-group__inner-container is-layout-flow wp-block-group-is-layout-flow\">\n<div class=\"wp-block-group\"><div class=\"wp-block-group__inner-container is-layout-flow wp-block-group-is-layout-flow\">\n<p>Halverwege de luchthaven van Malaga en de Alpujarras ligt het strand van la Herradura. Een plaatsje dat anders is dan de meeste badplaatsen aan de Costa Tropical. Relatief rustig en met fijne stranden.\u00a0Vlakbij het natuurgebied Cerro Gordo. Prima te doen voor een uitstapje vanuit de bergen van de Alpujarras.<\/p>\n<p>\u00a0<img loading=\"lazy\" decoding=\"async\" class=\"alignnone size-medium wp-image-9050\" src=\"https:\/\/spanjenatuurlijk.nl\/nl\/wp-content\/uploads\/2019\/11\/kustlijn-cerro-gordo-costa-tropical-andalusie-spanje-natuurlijk_1596-800-300x150.jpg\" alt=\"\" width=\"300\" height=\"150\" srcset=\"https:\/\/spanjenatuurlijk.nl\/nl\/wp-content\/uploads\/2019\/11\/kustlijn-cerro-gordo-costa-tropical-andalusie-spanje-natuurlijk_1596-800-300x150.jpg 300w, https:\/\/spanjenatuurlijk.nl\/nl\/wp-content\/uploads\/2019\/11\/kustlijn-cerro-gordo-costa-tropical-andalusie-spanje-natuurlijk_1596-800-768x384.jpg 768w, https:\/\/spanjenatuurlijk.nl\/nl\/wp-content\/uploads\/2019\/11\/kustlijn-cerro-gordo-costa-tropical-andalusie-spanje-natuurlijk_1596-800-650x325.jpg 650w, https:\/\/spanjenatuurlijk.nl\/nl\/wp-content\/uploads\/2019\/11\/kustlijn-cerro-gordo-costa-tropical-andalusie-spanje-natuurlijk_1596-800.jpg 800w\" sizes=\"(max-width: 300px) 100vw, 300px\" \/> <img loading=\"lazy\" decoding=\"async\" class=\"alignnone size-medium wp-image-9051\" src=\"https:\/\/spanjenatuurlijk.nl\/nl\/wp-content\/uploads\/2019\/11\/kustlijn-cerro-gordo-costa-tropical-andalusie-spanje-natuurlijk_1597-800-300x150.jpg\" alt=\"\" width=\"300\" height=\"150\" srcset=\"https:\/\/spanjenatuurlijk.nl\/nl\/wp-content\/uploads\/2019\/11\/kustlijn-cerro-gordo-costa-tropical-andalusie-spanje-natuurlijk_1597-800-300x150.jpg 300w, https:\/\/spanjenatuurlijk.nl\/nl\/wp-content\/uploads\/2019\/11\/kustlijn-cerro-gordo-costa-tropical-andalusie-spanje-natuurlijk_1597-800-768x384.jpg 768w, https:\/\/spanjenatuurlijk.nl\/nl\/wp-content\/uploads\/2019\/11\/kustlijn-cerro-gordo-costa-tropical-andalusie-spanje-natuurlijk_1597-800-650x325.jpg 650w, https:\/\/spanjenatuurlijk.nl\/nl\/wp-content\/uploads\/2019\/11\/kustlijn-cerro-gordo-costa-tropical-andalusie-spanje-natuurlijk_1597-800.jpg 800w\" sizes=\"(max-width: 300px) 100vw, 300px\" \/> <img loading=\"lazy\" decoding=\"async\" class=\"alignnone size-medium wp-image-9052\" src=\"https:\/\/spanjenatuurlijk.nl\/nl\/wp-content\/uploads\/2019\/11\/torre-cerro-gordo-costa-tropical-spanje-natuurlijk_1605-800-400-300x150.jpg\" alt=\"\" width=\"300\" height=\"150\" srcset=\"https:\/\/spanjenatuurlijk.nl\/nl\/wp-content\/uploads\/2019\/11\/torre-cerro-gordo-costa-tropical-spanje-natuurlijk_1605-800-400-300x150.jpg 300w, https:\/\/spanjenatuurlijk.nl\/nl\/wp-content\/uploads\/2019\/11\/torre-cerro-gordo-costa-tropical-spanje-natuurlijk_1605-800-400-768x384.jpg 768w, https:\/\/spanjenatuurlijk.nl\/nl\/wp-content\/uploads\/2019\/11\/torre-cerro-gordo-costa-tropical-spanje-natuurlijk_1605-800-400-650x325.jpg 650w, https:\/\/spanjenatuurlijk.nl\/nl\/wp-content\/uploads\/2019\/11\/torre-cerro-gordo-costa-tropical-spanje-natuurlijk_1605-800-400.jpg 800w\" sizes=\"(max-width: 300px) 100vw, 300px\" \/><\/p>\n<h2>Natuurgebied Cerro Gordo<\/h2>\n<p>\u00a0<\/p>\n<p><em>Paraje Natural Acantilados de Maro-Cerro Gordo<\/em> is een beschermd natuurgebied, aan de kust direct om de hoek bij het relatief rustige strand van la Herradura. Het natuurgebied strekt zich uit tussen Almu\u00f1ecar en Nerja.<\/p>\n<p>Vanaf de uitkijktoren Cerro Gordo heb je een prachtig zicht op steile kliffen afgewisseld met kleine stranden en baaien. De <em>torre<\/em> werd gebouwd in de 16e eeuw om de boeren en vissers te beschermen tegen piraterij. Bovenop de toren werden bewoners met vuur of rook gewaarschuwd voor gevaar. Langs de kust van Andalusie vind je nog verschillende goed bewaard gebleven uitkijktorens.<\/p>\n<p id=\"firstHeading\" lang=\"nl\">la Herradura is een goede uitvalsbasis om te duiken. Koralen, sponzen en een grote verscheidenheid aan kleurrijke vissen, zoals de pez Doncella (Regenbooglipvis) en de\u00a0pez luna (maanvis).<\/p>\n<p>Tijdens een boottocht in de Middellandse zee vanaf het strand Andalusie maak je kans dolfijnen tegen te komen.<\/p>\n<p><a title=\"naar de Engelstalige website van de Andalusische overheid over natuurgebied Maro-Cerro Gordo\" href=\"http:\/\/www.juntadeandalucia.es\/medioambiente\/servtc5\/ventana\/mostrarFicha.do?idEspacio=7399&amp;lg=ENhttp:\/\/\" target=\"_blank\" rel=\"noopener noreferrer\">Meer informatie over natuurgebied Maro-Cerro Gordo<\/a><\/p>\n<h2><strong>Duiken aan het strand van\u00a0 Andalusie<br \/><\/strong><\/h2>\n<p>In de zee bij la Herradura vind je koralen, sponzen en een grote verscheidenheid aan kleurrijke vissen.<\/p>\n<p>La Herradura Buceo in la Herradura, Engelse en Spaanstalige website<\/p>\n<p>Almu\u00f1\u00e9car Dive Center in Almu\u00f1\u00e9car, Engelse en Spaanstalige website<\/p>\n<p><a title=\"naar website Buceo Natura\" href=\"http:\/\/www.buceonatura.com\/\" target=\"_blank\" rel=\"noopener noreferrer\">Buceo Natura in la Herradura<\/a>, Engelse en Spaanstalige website<\/p>\n<p>\u00a0<\/p>\n<h3>Het weer aan het strand van Andalusie<\/h3>\n<p><strong>De Costa Tropical<\/strong> heeft zachte winters en relatief milde zomers. Het is niet voor niets dat Spanjaarden uit het binnenland graag naar de kust komen in de zomer.<\/p>\n<p><strong>Granada en het Alhambra<\/strong> bezoek je het beste in het voorjaar en najaar. In de winter kan het er relatief koud zijn en in de zomer erg warm. Een avondje uit eten in Granada is altijd de moeite waard, op zwoele zomeravonden komt de stad weer tot leven en zijn de pleinen en terrassen uitbundig gevuld.<\/p>\n<h3>Hoe te reizen<\/h3>\n<p><strong>Vliegtuig \/ huurauto<\/strong><br \/>Malaga luchthaven heeft de goedkoopste vluchten en huurauto&#8217;s.<br \/>Malaga &#8211; la Herradura rij je in 1 uur.<\/p>\n<p>Vooral buiten de zomer zijn huurauto&#8217;s in Spanje erg goedkoop.<\/p>\n<p><strong>Openbaar vervoer<\/strong><br \/>Vanaf\u00a0 Malaga reis je met de <a title=\"naar de busmaatschappij\" href=\"http:\/\/www.alsa.es\/\" target=\"_blank\" rel=\"noopener noreferrer\">bus<\/a> richting Motril en kom je langs alle kustplaatsen.<br \/>Hou er rekening mee dat de bus hier erg weinig gaat. Als je veel wilt zien van de omgeving, helpt een auto enorm.<\/p>\n<p>Wil je met de trein naar Spanje: nachttrein Parijs &#8211; Madrid. Tijden en prijzen Elipsos.<\/p>\n<p>Treintijden en prijzen voor reizen binnen Spanje via <a title=\"naar Engelstalige website RENFE\" href=\"http:\/\/www.renfe.com\/EN\/viajeros\/index.html\" target=\"_blank\" rel=\"noopener noreferrer\">RENFE<\/a>.<\/p>\n<\/div><\/div>\n<\/div><\/div>\n","protected":false},"excerpt":{"rendered":"<p>Halverwege de luchthaven van Malaga en de Alpujarras ligt het strand van la Herradura. Een plaatsje dat anders is dan de meeste badplaatsen aan de Costa Tropical. Relatief rustig en met fijne stranden.\u00a0Vlakbij het natuurgebied Cerro Gordo. Prima te doen voor een uitstapje vanuit de bergen van de Alpujarras. \u00a0 Natuurgebied Cerro Gordo \u00a0 Paraje Natural Acantilados de Maro-Cerro Gordo is een beschermd natuurgebied, aan de kust direct om de hoek bij het relatief rustige strand van la Herradura. Het natuurgebied strekt zich uit tussen Almu\u00f1ecar en Nerja. Vanaf de uitkijktoren Cerro Gordo heb je een prachtig zicht op steile kliffen afgewisseld met kleine stranden en baaien. De torre werd gebouwd in de 16e eeuw om de boeren en vissers te beschermen tegen piraterij. Bovenop de toren werden bewoners met vuur of rook gewaarschuwd voor gevaar. Langs de kust van Andalusie vind je nog verschillende goed bewaard gebleven uitkijktorens. la Herradura is een goede uitvalsbasis om te duiken. Koralen, sponzen en een grote verscheidenheid aan kleurrijke vissen, zoals de pez Doncella (Regenbooglipvis) en de\u00a0pez luna (maanvis). Tijdens een boottocht in de Middellandse zee vanaf het strand Andalusie maak je kans dolfijnen tegen te komen. Meer informatie over natuurgebied Maro-Cerro Gordo Duiken aan het strand van\u00a0 Andalusie In de zee bij la Herradura vind je koralen, sponzen en een grote verscheidenheid aan kleurrijke vissen. La Herradura Buceo in la Herradura, Engelse en Spaanstalige website Almu\u00f1\u00e9car Dive Center in Almu\u00f1\u00e9car, Engelse en Spaanstalige website Buceo Natura in la Herradura, Engelse en Spaanstalige website \u00a0 Het weer aan het strand van Andalusie De Costa Tropical heeft zachte winters en relatief milde zomers. Het is niet voor niets dat Spanjaarden uit het binnenland graag naar de kust komen in de zomer. Granada en het Alhambra bezoek je het beste in het voorjaar [&hellip;]<\/p>\n","protected":false},"author":3,"featured_media":0,"parent":0,"menu_order":27,"comment_status":"closed","ping_status":"closed","template":"","meta":{"footnotes":""},"class_list":["post-4308","page","type-page","status-publish","hentry","post"],"yoast_head":"<!-- This site is optimized with the Yoast SEO plugin v25.6 - https:\/\/yoast.com\/wordpress\/plugins\/seo\/ -->\n<title>strand Andalusie bij natuurgebied Cerro Gordo - Spanje Natuurlijk<\/title>\n<meta name=\"description\" content=\"Ongerept strand Andalusie. la Herradura, natuurgebied Cerro Negro.\" \/>\n<meta name=\"robots\" content=\"index, follow, max-snippet:-1, max-image-preview:large, max-video-preview:-1\" \/>\n<link rel=\"canonical\" href=\"https:\/\/spanjenatuurlijk.nl\/nl\/strand-andalusie\/\" \/>\n<meta property=\"og:locale\" content=\"en_US\" \/>\n<meta property=\"og:type\" content=\"article\" \/>\n<meta property=\"og:title\" content=\"strand Andalusie bij natuurgebied Cerro Gordo - Spanje Natuurlijk\" \/>\n<meta property=\"og:description\" content=\"Ongerept strand Andalusie. la Herradura, natuurgebied Cerro Negro.\" \/>\n<meta property=\"og:url\" content=\"https:\/\/spanjenatuurlijk.nl\/nl\/strand-andalusie\/\" \/>\n<meta property=\"og:site_name\" content=\"Spanje Natuurlijk\" \/>\n<meta property=\"article:modified_time\" content=\"2022-02-01T15:49:28+00:00\" \/>\n<meta property=\"og:image\" content=\"https:\/\/spanjenatuurlijk.nl\/nl\/wp-content\/uploads\/2019\/11\/kustlijn-cerro-gordo-costa-tropical-andalusie-spanje-natuurlijk_1596-800-300x150.jpg\" \/>\n<meta name=\"twitter:card\" content=\"summary_large_image\" \/>\n<meta name=\"twitter:label1\" content=\"Est. reading time\" \/>\n\t<meta name=\"twitter:data1\" content=\"2 minutes\" \/>\n<script type=\"application\/ld+json\" class=\"yoast-schema-graph\">{\"@context\":\"https:\/\/schema.org\",\"@graph\":[{\"@type\":\"WebPage\",\"@id\":\"https:\/\/spanjenatuurlijk.nl\/nl\/strand-andalusie\/\",\"url\":\"https:\/\/spanjenatuurlijk.nl\/nl\/strand-andalusie\/\",\"name\":\"strand Andalusie bij natuurgebied Cerro Gordo - Spanje Natuurlijk\",\"isPartOf\":{\"@id\":\"https:\/\/spanjenatuurlijk.nl\/nl\/#website\"},\"primaryImageOfPage\":{\"@id\":\"https:\/\/spanjenatuurlijk.nl\/nl\/strand-andalusie\/#primaryimage\"},\"image\":{\"@id\":\"https:\/\/spanjenatuurlijk.nl\/nl\/strand-andalusie\/#primaryimage\"},\"thumbnailUrl\":\"https:\/\/spanjenatuurlijk.nl\/nl\/wp-content\/uploads\/2019\/11\/kustlijn-cerro-gordo-costa-tropical-andalusie-spanje-natuurlijk_1596-800-300x150.jpg\",\"datePublished\":\"2013-12-17T15:15:25+00:00\",\"dateModified\":\"2022-02-01T15:49:28+00:00\",\"description\":\"Ongerept strand Andalusie. la Herradura, natuurgebied Cerro Negro.\",\"breadcrumb\":{\"@id\":\"https:\/\/spanjenatuurlijk.nl\/nl\/strand-andalusie\/#breadcrumb\"},\"inLanguage\":\"en-US\",\"potentialAction\":[{\"@type\":\"ReadAction\",\"target\":[\"https:\/\/spanjenatuurlijk.nl\/nl\/strand-andalusie\/\"]}]},{\"@type\":\"ImageObject\",\"inLanguage\":\"en-US\",\"@id\":\"https:\/\/spanjenatuurlijk.nl\/nl\/strand-andalusie\/#primaryimage\",\"url\":\"https:\/\/spanjenatuurlijk.nl\/nl\/wp-content\/uploads\/2019\/11\/kustlijn-cerro-gordo-costa-tropical-andalusie-spanje-natuurlijk_1596-800.jpg\",\"contentUrl\":\"https:\/\/spanjenatuurlijk.nl\/nl\/wp-content\/uploads\/2019\/11\/kustlijn-cerro-gordo-costa-tropical-andalusie-spanje-natuurlijk_1596-800.jpg\",\"width\":800,\"height\":400},{\"@type\":\"BreadcrumbList\",\"@id\":\"https:\/\/spanjenatuurlijk.nl\/nl\/strand-andalusie\/#breadcrumb\",\"itemListElement\":[{\"@type\":\"ListItem\",\"position\":1,\"name\":\"Home\",\"item\":\"https:\/\/spanjenatuurlijk.nl\/nl\/\"},{\"@type\":\"ListItem\",\"position\":2,\"name\":\"strand Andalusie bij natuurgebied Cerro Gordo\"}]},{\"@type\":\"WebSite\",\"@id\":\"https:\/\/spanjenatuurlijk.nl\/nl\/#website\",\"url\":\"https:\/\/spanjenatuurlijk.nl\/nl\/\",\"name\":\"Spanje Natuurlijk\",\"description\":\"vakantiehuizen in Andalusie\",\"publisher\":{\"@id\":\"https:\/\/spanjenatuurlijk.nl\/nl\/#organization\"},\"potentialAction\":[{\"@type\":\"SearchAction\",\"target\":{\"@type\":\"EntryPoint\",\"urlTemplate\":\"https:\/\/spanjenatuurlijk.nl\/nl\/?s={search_term_string}\"},\"query-input\":{\"@type\":\"PropertyValueSpecification\",\"valueRequired\":true,\"valueName\":\"search_term_string\"}}],\"inLanguage\":\"en-US\"},{\"@type\":\"Organization\",\"@id\":\"https:\/\/spanjenatuurlijk.nl\/nl\/#organization\",\"name\":\"Spanje Natuurlijk\",\"url\":\"https:\/\/spanjenatuurlijk.nl\/nl\/\",\"logo\":{\"@type\":\"ImageObject\",\"inLanguage\":\"en-US\",\"@id\":\"https:\/\/spanjenatuurlijk.nl\/nl\/#\/schema\/logo\/image\/\",\"url\":\"https:\/\/spanjenatuurlijk.nl\/nl\/wp-content\/uploads\/2019\/11\/cropped-spanjenatuurlijk-nl-logo-339-met-margin-e1574333147264.jpg\",\"contentUrl\":\"https:\/\/spanjenatuurlijk.nl\/nl\/wp-content\/uploads\/2019\/11\/cropped-spanjenatuurlijk-nl-logo-339-met-margin-e1574333147264.jpg\",\"width\":250,\"height\":121,\"caption\":\"Spanje Natuurlijk\"},\"image\":{\"@id\":\"https:\/\/spanjenatuurlijk.nl\/nl\/#\/schema\/logo\/image\/\"}}]}<\/script>\n<!-- \/ Yoast SEO plugin. -->","yoast_head_json":{"title":"strand Andalusie bij natuurgebied Cerro Gordo - Spanje Natuurlijk","description":"Ongerept strand Andalusie. la Herradura, natuurgebied Cerro Negro.","robots":{"index":"index","follow":"follow","max-snippet":"max-snippet:-1","max-image-preview":"max-image-preview:large","max-video-preview":"max-video-preview:-1"},"canonical":"https:\/\/spanjenatuurlijk.nl\/nl\/strand-andalusie\/","og_locale":"en_US","og_type":"article","og_title":"strand Andalusie bij natuurgebied Cerro Gordo - Spanje Natuurlijk","og_description":"Ongerept strand Andalusie. la Herradura, natuurgebied Cerro Negro.","og_url":"https:\/\/spanjenatuurlijk.nl\/nl\/strand-andalusie\/","og_site_name":"Spanje Natuurlijk","article_modified_time":"2022-02-01T15:49:28+00:00","og_image":[{"url":"https:\/\/spanjenatuurlijk.nl\/nl\/wp-content\/uploads\/2019\/11\/kustlijn-cerro-gordo-costa-tropical-andalusie-spanje-natuurlijk_1596-800-300x150.jpg","type":"","width":"","height":""}],"twitter_card":"summary_large_image","twitter_misc":{"Est. reading time":"2 minutes"},"schema":{"@context":"https:\/\/schema.org","@graph":[{"@type":"WebPage","@id":"https:\/\/spanjenatuurlijk.nl\/nl\/strand-andalusie\/","url":"https:\/\/spanjenatuurlijk.nl\/nl\/strand-andalusie\/","name":"strand Andalusie bij natuurgebied Cerro Gordo - Spanje Natuurlijk","isPartOf":{"@id":"https:\/\/spanjenatuurlijk.nl\/nl\/#website"},"primaryImageOfPage":{"@id":"https:\/\/spanjenatuurlijk.nl\/nl\/strand-andalusie\/#primaryimage"},"image":{"@id":"https:\/\/spanjenatuurlijk.nl\/nl\/strand-andalusie\/#primaryimage"},"thumbnailUrl":"https:\/\/spanjenatuurlijk.nl\/nl\/wp-content\/uploads\/2019\/11\/kustlijn-cerro-gordo-costa-tropical-andalusie-spanje-natuurlijk_1596-800-300x150.jpg","datePublished":"2013-12-17T15:15:25+00:00","dateModified":"2022-02-01T15:49:28+00:00","description":"Ongerept strand Andalusie. la Herradura, natuurgebied Cerro Negro.","breadcrumb":{"@id":"https:\/\/spanjenatuurlijk.nl\/nl\/strand-andalusie\/#breadcrumb"},"inLanguage":"en-US","potentialAction":[{"@type":"ReadAction","target":["https:\/\/spanjenatuurlijk.nl\/nl\/strand-andalusie\/"]}]},{"@type":"ImageObject","inLanguage":"en-US","@id":"https:\/\/spanjenatuurlijk.nl\/nl\/strand-andalusie\/#primaryimage","url":"https:\/\/spanjenatuurlijk.nl\/nl\/wp-content\/uploads\/2019\/11\/kustlijn-cerro-gordo-costa-tropical-andalusie-spanje-natuurlijk_1596-800.jpg","contentUrl":"https:\/\/spanjenatuurlijk.nl\/nl\/wp-content\/uploads\/2019\/11\/kustlijn-cerro-gordo-costa-tropical-andalusie-spanje-natuurlijk_1596-800.jpg","width":800,"height":400},{"@type":"BreadcrumbList","@id":"https:\/\/spanjenatuurlijk.nl\/nl\/strand-andalusie\/#breadcrumb","itemListElement":[{"@type":"ListItem","position":1,"name":"Home","item":"https:\/\/spanjenatuurlijk.nl\/nl\/"},{"@type":"ListItem","position":2,"name":"strand Andalusie bij natuurgebied Cerro Gordo"}]},{"@type":"WebSite","@id":"https:\/\/spanjenatuurlijk.nl\/nl\/#website","url":"https:\/\/spanjenatuurlijk.nl\/nl\/","name":"Spanje Natuurlijk","description":"vakantiehuizen in Andalusie","publisher":{"@id":"https:\/\/spanjenatuurlijk.nl\/nl\/#organization"},"potentialAction":[{"@type":"SearchAction","target":{"@type":"EntryPoint","urlTemplate":"https:\/\/spanjenatuurlijk.nl\/nl\/?s={search_term_string}"},"query-input":{"@type":"PropertyValueSpecification","valueRequired":true,"valueName":"search_term_string"}}],"inLanguage":"en-US"},{"@type":"Organization","@id":"https:\/\/spanjenatuurlijk.nl\/nl\/#organization","name":"Spanje Natuurlijk","url":"https:\/\/spanjenatuurlijk.nl\/nl\/","logo":{"@type":"ImageObject","inLanguage":"en-US","@id":"https:\/\/spanjenatuurlijk.nl\/nl\/#\/schema\/logo\/image\/","url":"https:\/\/spanjenatuurlijk.nl\/nl\/wp-content\/uploads\/2019\/11\/cropped-spanjenatuurlijk-nl-logo-339-met-margin-e1574333147264.jpg","contentUrl":"https:\/\/spanjenatuurlijk.nl\/nl\/wp-content\/uploads\/2019\/11\/cropped-spanjenatuurlijk-nl-logo-339-met-margin-e1574333147264.jpg","width":250,"height":121,"caption":"Spanje Natuurlijk"},"image":{"@id":"https:\/\/spanjenatuurlijk.nl\/nl\/#\/schema\/logo\/image\/"}}]}},"_links":{"self":[{"href":"https:\/\/spanjenatuurlijk.nl\/nl\/wp-json\/wp\/v2\/pages\/4308"}],"collection":[{"href":"https:\/\/spanjenatuurlijk.nl\/nl\/wp-json\/wp\/v2\/pages"}],"about":[{"href":"https:\/\/spanjenatuurlijk.nl\/nl\/wp-json\/wp\/v2\/types\/page"}],"author":[{"embeddable":true,"href":"https:\/\/spanjenatuurlijk.nl\/nl\/wp-json\/wp\/v2\/users\/3"}],"replies":[{"embeddable":true,"href":"https:\/\/spanjenatuurlijk.nl\/nl\/wp-json\/wp\/v2\/comments?post=4308"}],"version-history":[{"count":5,"href":"https:\/\/spanjenatuurlijk.nl\/nl\/wp-json\/wp\/v2\/pages\/4308\/revisions"}],"predecessor-version":[{"id":9190,"href":"https:\/\/spanjenatuurlijk.nl\/nl\/wp-json\/wp\/v2\/pages\/4308\/revisions\/9190"}],"wp:attachment":[{"href":"https:\/\/spanjenatuurlijk.nl\/nl\/wp-json\/wp\/v2\/media?parent=4308"}],"curies":[{"name":"wp","href":"https:\/\/api.w.org\/{rel}","templated":true}]}}